{"id":20,"date":"2024-01-07T20:08:14","date_gmt":"2024-01-07T19:08:14","guid":{"rendered":"https:\/\/osghombrevivo.es\/?page_id=20"},"modified":"2024-02-12T18:31:36","modified_gmt":"2024-02-12T17:31:36","slug":"yo-soy-hombre-vivo","status":"publish","type":"page","link":"https:\/\/osghombrevivo.es\/?page_id=20","title":{"rendered":"Soy Hombre Vivo Y Sostengo La Jurisdicci\u00f3n De Ley Natural"},"content":{"rendered":"\n<h1>Declaraci\u00f3n de \u00d3scar de Serrano y Gonz\u00e1lez<\/h1>\n<p>ESTOY VIVO Y ERGUIDO POR LA LEY NATURAL.<\/p>\n<p>YO SOY LA CONCIENCIA PERMANENTE DE QUE YO SOY, alojada-encarnada en el homo natural (hombre natural) en cuerpo vivo de carne, huesos y sangre, homo vivo (hombre vivo) conocido por muchas criaturas, el cual responde al sonido de las palabras \u00d3scar, y que pertenece a la descendencia de Serrano y Gonz\u00e1lez, y que es as\u00ed miembro del clan de Serrano y Garc\u00eda &#8211; Gonz\u00e1lez y \u00c1vila, y que fue dado a luz en el momento y lugar denominados -seg\u00fan calendario gregoriano y seg\u00fan ley positiva- como octubre de 1973 en la Villa de Madrid en Espa\u00f1a, bajo la \u00fanica Ley Natural, Universal, Eterna, Divina y de Libre Albedr\u00edo.<\/p>\n<p>YO SOY Sustancia, Eterna Esencia, que informa la mente, el afecto, la energ\u00eda vital, y la materia, para que exista este hombre vivo, y as\u00ed hago, <i>Motu Proprio, Habeas Corpus;<\/i> y por ello, YO \u00d3scar, SOY EMANACI\u00d3N DEL TODO, venido a trav\u00e9s del clan Serrano Gonz\u00e1lez, <i>Habitus<\/i> en el corpus reconocible y llamable como \u00d3scar, y SOY as\u00ed Homo Vivo seg\u00fan LEY NATURAL:<\/p>\n<blockquote>\n    <i>\u2018verbum caro factum hic est\u2019 \/ \u2018El Verbo hecho carne est\u00e1 aqu\u00ed\u2019<br>\n    Cigoto, Fecundado, Concebido, Feto, Placenta, Cord\u00f3n Umbilical, Naufragado y Dado a Luz, Establecido, Erguido, Firme en la Tierra,  ante-corporis, pre-jur\u00eddico, pre-estatal.<\/i>\n<\/blockquote>\n<p><i>EA QUAE SUNT SICUT SUNT \/ LAS COSAS SON COMO SON.<br>\nIGNORANTIA IURIS NON EXCUSAT \/ LA IGNORANCIA NO EXIME DEL CUMPLIMIENTO DE LA LEY.<\/i><\/p>\n<p><i>IUS NATURALIS SUSTINEO ERGO CONSURGO ET EGO VIVO \/<\/i> SOSTENGO EL DERECHO NATURAL, POR LO TANTO ME LEVANTO Y VIVO.<\/p>\n<!-- Continuar con el resto del texto siguiendo el mismo patr\u00f3n -->\n<p>Publico este documento sin perjuicio y con todos los derechos reservados para mi bien y el bien de este mundo.<\/p>\n<p>\u00d3scar de Serrano y Gonz\u00e1lez<\/p>\n","protected":false},"excerpt":{"rendered":"<p>Declaraci\u00f3n de \u00d3scar de Serrano y Gonz\u00e1lez ESTOY VIVO Y ERGUIDO POR LA LEY NATURAL. YO SOY LA CONCIENCIA PERMANENTE DE QUE YO SOY, alojada-encarnada en el homo natural (hombre natural) en cuerpo vivo de carne, huesos y sangre, homo vivo (hombre vivo) conocido por muchas criaturas, el cual responde al sonido de las palabras&hellip;&nbsp;<a href=\"https:\/\/osghombrevivo.es\/?page_id=20\" class=\"\" rel=\"bookmark\">Leer m\u00e1s &raquo;<span class=\"screen-reader-text\">Soy Hombre Vivo Y Sostengo La Jurisdicci\u00f3n De Ley Natural<\/span><\/a><\/p>\n","protected":false},"author":1,"featured_media":0,"parent":0,"menu_order":0,"comment_status":"closed","ping_status":"closed","template":"","meta":{"om_disable_all_campaigns":false,"_monsterinsights_skip_tracking":false,"_monsterinsights_sitenote_active":false,"_monsterinsights_sitenote_note":"","_monsterinsights_sitenote_category":0,"neve_meta_sidebar":"","neve_meta_container":"","neve_meta_enable_content_width":"","neve_meta_content_width":0,"neve_meta_title_alignment":"","neve_meta_author_avatar":"","neve_post_elements_order":"","neve_meta_disable_header":"","neve_meta_disable_footer":"","neve_meta_disable_title":"","footnotes":""},"class_list":["post-20","page","type-page","status-publish","hentry"],"aioseo_notices":[],"_links":{"self":[{"href":"https:\/\/osghombrevivo.es\/index.php?rest_route=\/wp\/v2\/pages\/20","targetHints":{"allow":["GET"]}}],"collection":[{"href":"https:\/\/osghombrevivo.es\/index.php?rest_route=\/wp\/v2\/pages"}],"about":[{"href":"https:\/\/osghombrevivo.es\/index.php?rest_route=\/wp\/v2\/types\/page"}],"author":[{"embeddable":true,"href":"https:\/\/osghombrevivo.es\/index.php?rest_route=\/wp\/v2\/users\/1"}],"replies":[{"embeddable":true,"href":"https:\/\/osghombrevivo.es\/index.php?rest_route=%2Fwp%2Fv2%2Fcomments&post=20"}],"version-history":[{"count":2,"href":"https:\/\/osghombrevivo.es\/index.php?rest_route=\/wp\/v2\/pages\/20\/revisions"}],"predecessor-version":[{"id":39,"href":"https:\/\/osghombrevivo.es\/index.php?rest_route=\/wp\/v2\/pages\/20\/revisions\/39"}],"wp:attachment":[{"href":"https:\/\/osghombrevivo.es\/index.php?rest_route=%2Fwp%2Fv2%2Fmedia&parent=20"}],"curies":[{"name":"wp","href":"https:\/\/api.w.org\/{rel}","templated":true}]}}