{"id":204,"date":"2024-04-25T17:51:24","date_gmt":"2024-04-25T15:51:24","guid":{"rendered":"https:\/\/osghombrevivo.es\/?page_id=204"},"modified":"2024-04-25T18:00:20","modified_gmt":"2024-04-25T16:00:20","slug":"carta-abierta-de-gentes-de-bien","status":"publish","type":"page","link":"https:\/\/osghombrevivo.es\/?page_id=204","title":{"rendered":"carta abierta de gentes de bien"},"content":{"rendered":"<h3>Desde aqu\u00ed, en primavera de 2024, dirigida a ti y a cualquiera m\u00e1s:<\/h3>\n<p>Las gentes con un m\u00ednimo de conciencia hemos visto demasiadas veces a las llamadas autoridades obrar de manera negligente, o de manera infundada o caprichosa, o incluso de manera corrupta, y por tanto, elegimos recobrar nuestra soberan\u00eda, que emana de la gente, el pueblo, como dice la Ley Universal, y como se refleja en la llamada constituci\u00f3n Espa\u00f1ola de 1978. Y as\u00ed las gentes gestionan su soberan\u00eda como es natural en su propia persona, en su hogar, en su vecindario, en su barrio, en su municipio, en su regi\u00f3n etc, y as\u00ed se encargan de atender todos los asuntos de la vida, pues todos son asuntos suyos, y los atienden con el mayor cuidado pues no hay nadie tan interesado en atender bien sus cosas como la propia gente.<\/p>\n<p>Las gentes de bien no consentimos enga\u00f1os-fraudes, ni amenazas, ni ataques, ni hacia nosotras ni hacia nuestro entorno, y afirmamos el derecho a la defensa.<\/p>\n<p>Las gentes de bien no consentimos el parasitaje-robo de ninguna de nuestras riquezas, sean nuestras riquezas m\u00e1s sutiles como el poder creador mental, o la energ\u00eda emocional, o sean nuestras riquezas materiales de casa, ropas, utensilios, herramientas, veh\u00edculos y lugares de labor, o dinero, pasando por la riqueza de la salud, y cualquier otra; no consentimos que nos las parasite-robe nadie, ni personas de carne y hueso, ni entidades abstractas como son las instituciones, ni ning\u00fan otro tipo de entidades no tangibles o visibles; y no consentimos que nos las parasiten-roben con ning\u00fan motivo, ni con supuestos buenos prop\u00f3sitos.<\/p>\n<p>Las gentes de bien no consentimos que con enga\u00f1o-fraude, o amenaza, o agresi\u00f3n, se nos perjudique a nosotras o a nuestro entorno de ninguna manera, y afirmamos el derecho a la reparaci\u00f3n.<\/p>\n<p>Las gentes de bien no consentimos que se nos impida expresarnos, comunicarnos, desplazarnos y juntarnos.<\/p>\n<p>Las gentes de bien no consentimos que se de a nosotras ni a nuestro entorno informaci\u00f3n fraudulenta, ni alimentos nocivos, ni medicinas malignas, ni contaminaci\u00f3n malintencionada.<\/p>\n<p>Es simple y natural que las gentes de bien se porten bondadosamente si se las respeta, y se defiendan si se las perjudica.<\/p>\n<p>En paz y honorablemente se expresan y saludan:<\/p>\n<p>Gentes de bien;<br \/>sin perjuicio para nadie, y con todos los derechos reservados para bien suyo y de todo su mundo en la Tierra (sptdr)<\/p>\n<p>     <strong>Pd<\/strong><br \/>\nComparto esta carta en mi entorno, y si en 3 d\u00edas no recibo indicaci\u00f3n-explicaci\u00f3n de que contenga alg\u00fan error o perjuicio, quedar\u00e1 establecida esta carta como ley para m\u00ed y mi mundo en la Tierra.<br \/>\nT\u00fa tambi\u00e9n puedes compartirla con tu entorno para el bien de tu mundo, y si en particular me la reenv\u00edas a m\u00ed, confirmar\u00e1s la ben\u00e9vola alianza de nuestros mundos en esta Tierra.<\/p>\n","protected":false},"excerpt":{"rendered":"<p>Desde aqu\u00ed, en primavera de 2024, dirigida a ti y a cualquiera m\u00e1s: Las gentes con un m\u00ednimo de conciencia hemos visto demasiadas veces a las llamadas autoridades obrar de manera negligente, o de manera infundada o caprichosa, o incluso de manera corrupta, y por tanto, elegimos recobrar nuestra soberan\u00eda, que emana de la gente,&hellip;&nbsp;<a href=\"https:\/\/osghombrevivo.es\/?page_id=204\" class=\"\" rel=\"bookmark\">Leer m\u00e1s &raquo;<span class=\"screen-reader-text\">carta abierta de gentes de bien<\/span><\/a><\/p>\n","protected":false},"author":1,"featured_media":0,"parent":0,"menu_order":0,"comment_status":"closed","ping_status":"closed","template":"","meta":{"om_disable_all_campaigns":false,"_monsterinsights_skip_tracking":false,"_monsterinsights_sitenote_active":false,"_monsterinsights_sitenote_note":"","_monsterinsights_sitenote_category":0,"neve_meta_sidebar":"","neve_meta_container":"","neve_meta_enable_content_width":"","neve_meta_content_width":0,"neve_meta_title_alignment":"","neve_meta_author_avatar":"","neve_post_elements_order":"","neve_meta_disable_header":"","neve_meta_disable_footer":"","neve_meta_disable_title":"","footnotes":""},"class_list":["post-204","page","type-page","status-publish","hentry"],"aioseo_notices":[],"_links":{"self":[{"href":"https:\/\/osghombrevivo.es\/index.php?rest_route=\/wp\/v2\/pages\/204","targetHints":{"allow":["GET"]}}],"collection":[{"href":"https:\/\/osghombrevivo.es\/index.php?rest_route=\/wp\/v2\/pages"}],"about":[{"href":"https:\/\/osghombrevivo.es\/index.php?rest_route=\/wp\/v2\/types\/page"}],"author":[{"embeddable":true,"href":"https:\/\/osghombrevivo.es\/index.php?rest_route=\/wp\/v2\/users\/1"}],"replies":[{"embeddable":true,"href":"https:\/\/osghombrevivo.es\/index.php?rest_route=%2Fwp%2Fv2%2Fcomments&post=204"}],"version-history":[{"count":2,"href":"https:\/\/osghombrevivo.es\/index.php?rest_route=\/wp\/v2\/pages\/204\/revisions"}],"predecessor-version":[{"id":208,"href":"https:\/\/osghombrevivo.es\/index.php?rest_route=\/wp\/v2\/pages\/204\/revisions\/208"}],"wp:attachment":[{"href":"https:\/\/osghombrevivo.es\/index.php?rest_route=%2Fwp%2Fv2%2Fmedia&parent=204"}],"curies":[{"name":"wp","href":"https:\/\/api.w.org\/{rel}","templated":true}]}}