{"id":36,"date":"2024-01-09T12:14:25","date_gmt":"2024-01-09T11:14:25","guid":{"rendered":"https:\/\/osghombrevivo.es\/?page_id=36"},"modified":"2024-01-15T13:51:35","modified_gmt":"2024-01-15T12:51:35","slug":"pagina-de-bienvenida","status":"publish","type":"page","link":"https:\/\/osghombrevivo.es\/","title":{"rendered":"Bienvenido a mi mundo"},"content":{"rendered":"<div style=\u201cpadding: 20px; border-radius: 10px; box-shadow: 0 0 10px rgba(0, 0, 0, 0.1);\">\n<h3> mi Dios SALVA y ampara mi mundo desde el 15\/01\/2024  <\/h3>\n<p>Yo, <strong>hombre vivo conocido como \u00d3scar<\/strong>, del linaje Serrano y Gonz\u00e1lez, encarnado yo en este planeta llamado por muchos <em>Tierra<\/em>, del Sistema Solar (Sistema Sol 13), en el centro de la Pen\u00ednsula Ib\u00e9rica, en el a\u00f1o 1973 del calendario Gregoriano, en la \u00e9poca de oto\u00f1o natural, publico en este, mi sitio web, toda la presente informaci\u00f3n, en buena voluntad y de manera honorable ante todos, en particular ante mi alma y todas las dem\u00e1s almas concernidas, y ante todas las dem\u00e1s autoridades concernidas especialmente ante Mi Dios-Nuestro Dios, El Dios de la Humanidad de este mundo,<\/p>\n<p>Y lo publico <em>sin perjuicio (sp, s.p., s.p) para nadie<\/em>, y con todos los derechos reservados para mi bien y el bien de este Mundo (t.d.r.b.m.M. tdrbmM) en La Tierra.<\/p>\n<p>La Vida, el Amor y la Fe, pone todo mi mundo de forma id\u00f3nea, En todo momento, en toda coyuntura.<\/p>\n<p>Gracias a mi Dios por esta \u201cluz\u201d, y a la inspiraci\u00f3n de Richar, mi hermano de sangre en clan y ser de luz, que sea bendecido en todo.<\/p>\n<\/div>\n","protected":false},"excerpt":{"rendered":"","protected":false},"author":1,"featured_media":0,"parent":0,"menu_order":0,"comment_status":"closed","ping_status":"closed","template":"","meta":{"om_disable_all_campaigns":false,"_monsterinsights_skip_tracking":false,"_monsterinsights_sitenote_active":false,"_monsterinsights_sitenote_note":"","_monsterinsights_sitenote_category":0,"neve_meta_sidebar":"","neve_meta_container":"","neve_meta_enable_content_width":"","neve_meta_content_width":0,"neve_meta_title_alignment":"","neve_meta_author_avatar":"","neve_post_elements_order":"","neve_meta_disable_header":"","neve_meta_disable_footer":"","neve_meta_disable_title":"","footnotes":""},"class_list":["post-36","page","type-page","status-publish","hentry"],"aioseo_notices":[],"_links":{"self":[{"href":"https:\/\/osghombrevivo.es\/index.php?rest_route=\/wp\/v2\/pages\/36","targetHints":{"allow":["GET"]}}],"collection":[{"href":"https:\/\/osghombrevivo.es\/index.php?rest_route=\/wp\/v2\/pages"}],"about":[{"href":"https:\/\/osghombrevivo.es\/index.php?rest_route=\/wp\/v2\/types\/page"}],"author":[{"embeddable":true,"href":"https:\/\/osghombrevivo.es\/index.php?rest_route=\/wp\/v2\/users\/1"}],"replies":[{"embeddable":true,"href":"https:\/\/osghombrevivo.es\/index.php?rest_route=%2Fwp%2Fv2%2Fcomments&post=36"}],"version-history":[{"count":5,"href":"https:\/\/osghombrevivo.es\/index.php?rest_route=\/wp\/v2\/pages\/36\/revisions"}],"predecessor-version":[{"id":104,"href":"https:\/\/osghombrevivo.es\/index.php?rest_route=\/wp\/v2\/pages\/36\/revisions\/104"}],"wp:attachment":[{"href":"https:\/\/osghombrevivo.es\/index.php?rest_route=%2Fwp%2Fv2%2Fmedia&parent=36"}],"curies":[{"name":"wp","href":"https:\/\/api.w.org\/{rel}","templated":true}]}}