{"id":58,"date":"2024-01-12T17:46:33","date_gmt":"2024-01-12T16:46:33","guid":{"rendered":"https:\/\/osghombrevivo.es\/?page_id=58"},"modified":"2024-01-12T18:49:12","modified_gmt":"2024-01-12T17:49:12","slug":"no-lo-consiento","status":"publish","type":"page","link":"https:\/\/osghombrevivo.es\/?page_id=58","title":{"rendered":"NO LO CONSIENTO"},"content":{"rendered":"<div>\n<h2>Protecci\u00f3n, (publicada en 15-01-2024)<\/h2>\n<p>En la vida todo es acuerdo o contrato. En la vida, en este mundo y en todos los mundos, todo lo que existe y todo lo que ocurre surge de alg\u00fan tipo de acuerdo o contrato. En la vida, aqu\u00ed y en cualquier lugar del Cosmos, todo lo que existe y todo lo que ocurre est\u00e1 causado por alg\u00fan acuerdo pacto o contrato: acuerdo comercial, acuerdo entre vecinos, pacto o acuerdo pol\u00edtico, acuerdo t\u00e1cito, acuerdo de percepci\u00f3n, acuerdo psicol\u00f3gico, acuerdo de almas, contrato de encarnaci\u00f3n, etc\u2026<\/p>\n<p>La Ley Universal de los acuerdos o contratos dice que son v\u00e1lidos s\u00f3lo si hay libre consentimiento por todas las partes implicadas, y que en caso de que una sola de las partes deniegue su consentimiento, el acuerdo decae (se anula) inmediatamente.<\/p>\n<p>Cuando decides cancelar un acuerdo y dices: \u201cdeniego mi consentimiento\u201d, o \u201cno consiento\u201d, si la otra parte intenta mantener el acuerdo, con ello cometer\u00eda crimen por el cual se obliga a responder.<\/p>\n<p>Si te encuentras con algo que te parece mal, pero no lo dices, o s\u00ed que hablas pero diciendo cosas como: \u201csiempre me pasa lo mismo\u201d, \u201ceste mundo es un horror\u201d, etc, est\u00e1s aceptando de alguna manera un acuerdo o contrato para que ese mal siga ocurriendo. Y es posible que esto te parezca una exageraci\u00f3n, pero si piensas un poco, ves que lo que ocurre en la vida va en consonancia con qu\u00e9 tipo de pensamientos se tienen, con qu\u00e9 tipo de cosas se dicen, y con qu\u00e9 tipo de cosas se hacen, dicho de otra manera: la vida depende mucho de con qu\u00e9 cosas se est\u00e1 de acuerdo.<\/p>\n<p>Cada d\u00eda, ante cada cosa que te parezca mal, di con el pensamiento o de viva voz o por escrito: \u201cno lo consiento\u201d, o \u201cdeniego mi consentimiento\u201d, y as\u00ed pronto ver\u00e1s como tu vida, tu mundo, nuestro mundo, se va arreglando-limpiando m\u00e1s y m\u00e1s.<\/p>\n<p>Por ejemplo, ante cosas como:<br \/>\n    1\u00aa El estado de cosas en este planeta, con que se viene manteniendo a esta humanidad esclavizada;<br \/>\n    2\u00aa El parasitaje de cualquier tipo en este mundo;<br \/>\n    3\u00aa El manejo de la pol\u00edtica y la econom\u00eda para causar sufrimiento a esta humanidad;<br \/>\n    4\u00aa El sometimiento de casi el cien por ciento de los medios de comunicaci\u00f3n del mundo para que difundan machaconamente informaci\u00f3n que mantenga a la gente con miedo y terror;<br \/>\n    5\u00aa La presi\u00f3n de las autoridades para que la gente se sienta vulnerable por muchas enfermedades de diversos tipos, por terroristas, asesinos, ladrones, por cat\u00e1strofes naturales, etc;<br \/>\n    6\u00aa La censura de la opini\u00f3n, la comunicaci\u00f3n y la publicaci\u00f3n;<br \/>\n    7\u00aa El ocultamiento de los inventos y descubrimientos que, durante siglos, mucha gente ha ido haciendo para resolver todo tipo de problemas;<br \/>\n    8\u00aa La creaci\u00f3n y difusi\u00f3n de ideolog\u00edas que fomentan la animadversi\u00f3n y el conflicto entre las gentes;<br \/>\n    9\u00aa La creaci\u00f3n de las normas-leyes de manera que da\u00f1an a la gente;<br \/>\n    10\u00aa La represi\u00f3n de la espiritualidad de la humanidad mediante doctrinas represoras disfrazadas de religi\u00f3n;<br \/>\n    11\u00aa El atropello a la vocaci\u00f3n investigadora natural del ser humano, con el totalitarismo disfrazado de ciencia;<br \/>\n    12\u00aa El fomento de las mafias para mantener en el terror a la gente;<br \/>\n    13\u00aa la creaci\u00f3n y avivamiento de guerras;<br \/>\n    14\u00aa La imposici\u00f3n del consumismo mediante la manipulaci\u00f3n publicitaria, la obsolescencia programada, etc;<br \/>\n    15\u00aa El fomentar que la gente se sienta culpable por muchas cosas, para que sea propensa a aceptar que se la trate mal;<br \/>\n    16\u00aa El inducir a la gente a que se sienta torpe o incapaz y que vea a los dem\u00e1s como irresponsables, para que acepte que las autoridades traten a la humanidad como a ni\u00f1os;<br \/>\n17\u00aa La imposici\u00f3n a la humanidad de condiciones alimentarias da\u00f1inas como la reducci\u00f3n de sal muy necesaria para las neuronas, o la imposici\u00f3n de especies-variedades alimentarias perjudiciales;<br \/>\n18\u00aa La estrategia para destruir la riqueza local en todas partes del mundo, y extinguir-aniquilar a los pueblos con sucesivos \u201creseteos\u201d;<br \/>\n19\u00aa El fomento de discordia entre las distintas generaciones de las gentes, y entre hombres y mujeres, y dentro de la familia-clan, para destruir los lazos fundamentales de la gente y as\u00ed debilitarla y extinguirla;<br \/>\n20\u00aa La marginaci\u00f3n-desvalorizaci\u00f3n de la cultura propia de cada lugar, como forma de desconectar a la gente, especialmente a los j\u00f3venes, de la inteligencia natural de su entorno humano;<br \/>\n21\u00aa La manipulaci\u00f3n de los j\u00f3venes para que pasen much\u00edsimos a\u00f1os estudiando y dedicados a actividades u oficios innecesarios o da\u00f1inos, para que as\u00ed no atiendan las actividades y oficios imprescindibles para su entorno humano en cultivos, talleres, f\u00e1bricas, tiendas, mantenimiento de infraestructuras, etc;<br \/>\n22\u00aa La imposici\u00f3n de la idea de que las autoridades deben ser las que gu\u00eden-controlen a la gente en sus opiniones sobre los temas m\u00e1s importantes para la vida;<br \/>\n23\u00aa El enga\u00f1o inculcado de que el cuidado de la vida espiritual requiere perjudicar la vida material;<br \/>\n24\u00aa La manipulaci\u00f3n con enga\u00f1os, amenazas o agresiones, para imponer a la gente escasez de materias primas, combustibles, electricidad y otras energ\u00edas, alimentos, agua, etc;<br \/>\n25\u00aa La inclusi\u00f3n en alimentos, en agua y otras bebidas, en medicinas, etc., de cosas da\u00f1inas para la gente, los animales o las plantas;<br \/>\n26\u00aa La emisi\u00f3n de energ\u00edas, en forma de electromagnetismo, magnetismo, radiactividad, sonido, luz, etc, para da\u00f1ar a la gente, los animales o las plantas;<br \/>\n27\u00aa La dispersi\u00f3n de productos por el aire para da\u00f1ar a los humanos, los animales y las plantas;<br \/>\n28\u00aa la manipulaci\u00f3n artificial del clima para amenazar y da\u00f1ar a la gente, los animales y las plantas;<br \/>\n29\u00aa La utilizaci\u00f3n de la tecnolog\u00eda, en particular de la inteligencia artificial, para da\u00f1ar a la gente, los animales y las plantas;<br \/>\n30\u00aa El ataque a la humanidad, los animales y las plantas causando incendios, terremotos, y otros atentados terroristas;<br \/>\n31\u00aa La amenaza o la agresi\u00f3n a los que tratan de salvar su mundo en este planeta;<br \/>\n32\u00aa La pasividad permisiva con el mal en este mundo;<br \/>\n33\u00aa El mantenimiento de este planeta y esta humanidad como granja humana y parque de experiencias duras para beneficiar a las almas encarnadas en \u00e9l;<\/p>\n<p> El ataque a esta Humanidad Terr\u00edcola, de cada una de esas 33 maneras o de cualquier modo parecido, \u00a1no lo consiento!. <\/p>\n<p>En un lugar tan dificultoso-espeso-conflictivo como ha sido durante miles de a\u00f1os y hasta la fecha de hoy el planeta Tierra, impera la confusi\u00f3n, lo cual induce a la gente a no tener claras las cosas, y as\u00ed poco a poco acaban dej\u00e1ndose llevar por lo que dicen los que m\u00e1s fuerza ejercen. En esas condiciones no se puede ser tibio o lento, sino que hace falta usar la decisi\u00f3n, la rapidez, la firmeza, y ante algo malo, decir: \u00a1no lo consiento!.<\/p>\n<p>\u00d3scar, en honor, buena voluntad,<br \/>\nSin perjuicio (sp), y con todos los derechos reservados para el bien m\u00edo y de este mundo.<\/p>\n<p>@<\/p>\n<\/div>\n","protected":false},"excerpt":{"rendered":"<p>Protecci\u00f3n, (publicada en 15-01-2024) En la vida todo es acuerdo o contrato. En la vida, en este mundo y en todos los mundos, todo lo que existe y todo lo que ocurre surge de alg\u00fan tipo de acuerdo o contrato. En la vida, aqu\u00ed y en cualquier lugar del Cosmos, todo lo que existe y&hellip;&nbsp;<a href=\"https:\/\/osghombrevivo.es\/?page_id=58\" class=\"\" rel=\"bookmark\">Leer m\u00e1s &raquo;<span class=\"screen-reader-text\">NO LO CONSIENTO<\/span><\/a><\/p>\n","protected":false},"author":1,"featured_media":0,"parent":0,"menu_order":0,"comment_status":"closed","ping_status":"closed","template":"","meta":{"om_disable_all_campaigns":false,"_monsterinsights_skip_tracking":false,"_monsterinsights_sitenote_active":false,"_monsterinsights_sitenote_note":"","_monsterinsights_sitenote_category":0,"neve_meta_sidebar":"","neve_meta_container":"","neve_meta_enable_content_width":"","neve_meta_content_width":0,"neve_meta_title_alignment":"","neve_meta_author_avatar":"","neve_post_elements_order":"","neve_meta_disable_header":"","neve_meta_disable_footer":"","neve_meta_disable_title":"","footnotes":""},"class_list":["post-58","page","type-page","status-publish","hentry"],"aioseo_notices":[],"_links":{"self":[{"href":"https:\/\/osghombrevivo.es\/index.php?rest_route=\/wp\/v2\/pages\/58","targetHints":{"allow":["GET"]}}],"collection":[{"href":"https:\/\/osghombrevivo.es\/index.php?rest_route=\/wp\/v2\/pages"}],"about":[{"href":"https:\/\/osghombrevivo.es\/index.php?rest_route=\/wp\/v2\/types\/page"}],"author":[{"embeddable":true,"href":"https:\/\/osghombrevivo.es\/index.php?rest_route=\/wp\/v2\/users\/1"}],"replies":[{"embeddable":true,"href":"https:\/\/osghombrevivo.es\/index.php?rest_route=%2Fwp%2Fv2%2Fcomments&post=58"}],"version-history":[{"count":3,"href":"https:\/\/osghombrevivo.es\/index.php?rest_route=\/wp\/v2\/pages\/58\/revisions"}],"predecessor-version":[{"id":63,"href":"https:\/\/osghombrevivo.es\/index.php?rest_route=\/wp\/v2\/pages\/58\/revisions\/63"}],"wp:attachment":[{"href":"https:\/\/osghombrevivo.es\/index.php?rest_route=%2Fwp%2Fv2%2Fmedia&parent=58"}],"curies":[{"name":"wp","href":"https:\/\/api.w.org\/{rel}","templated":true}]}}