{"id":64,"date":"2024-01-13T15:59:05","date_gmt":"2024-01-13T14:59:05","guid":{"rendered":"https:\/\/osghombrevivo.es\/?page_id=64"},"modified":"2024-01-13T18:10:38","modified_gmt":"2024-01-13T17:10:38","slug":"proteccion-normativa-legal","status":"publish","type":"page","link":"https:\/\/osghombrevivo.es\/?page_id=64","title":{"rendered":"protecci\u00f3n normativa legal"},"content":{"rendered":"<h2>Punto 1:<\/h2>\n<p>Si alguien de cualquier naturaleza (humana o artificial), usando un rol de agente o funcionario del sistema gobernativo-burocr\u00e1tico-coercitivo- controlador en Espa\u00f1a o en el resto del mundo, pretende actuar, directa o indirectamente, respecto a m\u00ed o respecto a cualquier criatura de mi mundo incluidos los bienes materiales, ese agente o funcionario est\u00e1 sujeto a saber o a consultar a alguna autoridad superior a \u00e9l la cual sepa que, yo, \u00d3scar del linaje de Serrano Gonz\u00e1lez, soy hombre vivo y que, yo y todo mi mundo estamos salvados y protegidos desde la fecha 15-01-2024, y que cualquiera que atente con enga\u00f1o, amenaza, o agresi\u00f3n, contra m\u00ed o contra cualquier criatura o parte de mi mundo, estar\u00eda cometiendo crimen de lesa humanidad y estar\u00eda sujeto a responder por \u00e9ste.<\/p>\n<h2>Punto 2:<\/h2>\n<p>En la vida material y en la de m\u00e1s all\u00e1 todo es acuerdo-contrato, y la Ley Universal que rige los contratos indica que para ser v\u00e1lidos para las partes contratantes deben ser bien conocidos y aceptados libremente por dichas partes.<\/p>\n<h2>Punto 3:<\/h2>\n<p>Desde mi llegada a este mundo, ha sido ampliamente establecida en la gente la creencia de que las normas como la llamada \u201cDeclaraci\u00f3n Universal de los derechos Humanos\u201d, la llamada \u201cCarta Internacional de los Derechos Humanos\u201d, la llamada \u201cConstituci\u00f3n Espa\u00f1ola de 1978\u201d, la llamada \u201cConvenio de Oviedo\u201d, y otras m\u00e1s, afirman y protegen los derechos naturales de la gente de este mundo en particular del territorio conocido como Reino de Espa\u00f1a, y que esas normas han sido establecidas y afirmadas por las autoridades generales de este planeta y en particular las de Espa\u00f1a como normas de rango m\u00e1ximo, el cual supedita a todas las dem\u00e1s normas creadas por dichas autoridades.<\/p>\n<h2>Punto 4:<\/h2>\n<p>Tambi\u00e9n ha sido ampliamente establecido y afirmado que todos los cargos p\u00fablicos del llamado Reino de Espa\u00f1a y de todos los organismos internacionales son aceptados por hombres o mujeres vivos mediante juramento que hacen de cara a los dem\u00e1s hombres y mujeres vivos, para comprometerse a ejercer dicho cargo-rol en el \u00e1mbito p\u00fablico, y por tanto debi\u00e9ndose a los dem\u00e1s hombres y mujeres vivos, ante los cuales deben responder siempre.<\/p>\n<h2>Punto 5:<\/h2>\n<p>Y es cierto que, si cualquier agente en calidad de alg\u00fan cargo p\u00fablico pretende aplicar alguna norma sobre un hombre o mujer vivo, ese agente est\u00e1 obligado a decirle adecuadamente al afectado si pretende actuar por considerarse obligado por una norma (\u201cpor fuerza de ley\u201d), y en este caso decirle su propio nombre y de qu\u00e9 norma se trata, o si en cambio se considera obligado a actuar por una autoridad (\u201cpor fuerza de autoridad\u201d) y cu\u00e1l es el nombre de esta autoridad. <\/p>\n<h2>Punto 6:<\/h2>\n<p>Tambi\u00e9n se ha hecho evidente y se mantiene as\u00ed que, los creadores (y sus delegados administradores) de cualquier cosa son plenamente responsables por esa obra o creaci\u00f3n, y tambi\u00e9n por cualquier da\u00f1o que esa creaci\u00f3n pudiera causar, lo cual es totalmente aplicable en la actualidad a las creaciones como son las inteligencias artificiales (IA), los robots u otros ingenios similares, sin detrimento de que todas ellas tambi\u00e9n son controladas por la Ley Natural-Universal-Divina.<\/p>\n","protected":false},"excerpt":{"rendered":"<p>Punto 1: Si alguien de cualquier naturaleza (humana o artificial), usando un rol de agente o funcionario del sistema gobernativo-burocr\u00e1tico-coercitivo- controlador en Espa\u00f1a o en el resto del mundo, pretende actuar, directa o indirectamente, respecto a m\u00ed o respecto a cualquier criatura de mi mundo incluidos los bienes materiales, ese agente o funcionario est\u00e1 sujeto&hellip;&nbsp;<a href=\"https:\/\/osghombrevivo.es\/?page_id=64\" class=\"\" rel=\"bookmark\">Leer m\u00e1s &raquo;<span class=\"screen-reader-text\">protecci\u00f3n normativa legal<\/span><\/a><\/p>\n","protected":false},"author":1,"featured_media":0,"parent":0,"menu_order":0,"comment_status":"closed","ping_status":"closed","template":"","meta":{"om_disable_all_campaigns":false,"_monsterinsights_skip_tracking":false,"_monsterinsights_sitenote_active":false,"_monsterinsights_sitenote_note":"","_monsterinsights_sitenote_category":0,"neve_meta_sidebar":"","neve_meta_container":"","neve_meta_enable_content_width":"","neve_meta_content_width":0,"neve_meta_title_alignment":"","neve_meta_author_avatar":"","neve_post_elements_order":"","neve_meta_disable_header":"","neve_meta_disable_footer":"","neve_meta_disable_title":"","footnotes":""},"class_list":["post-64","page","type-page","status-publish","hentry"],"aioseo_notices":[],"_links":{"self":[{"href":"https:\/\/osghombrevivo.es\/index.php?rest_route=\/wp\/v2\/pages\/64","targetHints":{"allow":["GET"]}}],"collection":[{"href":"https:\/\/osghombrevivo.es\/index.php?rest_route=\/wp\/v2\/pages"}],"about":[{"href":"https:\/\/osghombrevivo.es\/index.php?rest_route=\/wp\/v2\/types\/page"}],"author":[{"embeddable":true,"href":"https:\/\/osghombrevivo.es\/index.php?rest_route=\/wp\/v2\/users\/1"}],"replies":[{"embeddable":true,"href":"https:\/\/osghombrevivo.es\/index.php?rest_route=%2Fwp%2Fv2%2Fcomments&post=64"}],"version-history":[{"count":6,"href":"https:\/\/osghombrevivo.es\/index.php?rest_route=\/wp\/v2\/pages\/64\/revisions"}],"predecessor-version":[{"id":74,"href":"https:\/\/osghombrevivo.es\/index.php?rest_route=\/wp\/v2\/pages\/64\/revisions\/74"}],"wp:attachment":[{"href":"https:\/\/osghombrevivo.es\/index.php?rest_route=%2Fwp%2Fv2%2Fmedia&parent=64"}],"curies":[{"name":"wp","href":"https:\/\/api.w.org\/{rel}","templated":true}]}}