{"id":85,"date":"2024-01-14T14:38:01","date_gmt":"2024-01-14T13:38:01","guid":{"rendered":"https:\/\/osghombrevivo.es\/?page_id=85"},"modified":"2024-01-18T22:34:21","modified_gmt":"2024-01-18T21:34:21","slug":"contacto","status":"publish","type":"page","link":"https:\/\/osghombrevivo.es\/?page_id=85","title":{"rendered":"Contacto"},"content":{"rendered":"<div style=\"margin: 0 auto; max-width: 600px; padding: 20px; text-align: center;\">\n<p>para cualquier duda, aclaraci\u00f3n, o si deseas compartir informaci\u00f3n y procedimientos sobre la toma de conciencia para erigirte como \u201chombre vivo\u201d \/ \u201cmujer viva\u201d, puedes contactarme a trav\u00e9s de los siguientes canales\u2026<\/p>\n<h3>Oscar Hombre Vivo<\/h3><br>\n<p class=\"social-media-links\"><a href=\"mailto:oscar@osghombrevivo.es\"> <img decoding=\"async\" src=\"http:\/\/osghombrevivo.es\/wp-content\/uploads\/2024\/01\/134146_mail_email_icon.png\" alt=\"oscar@osghombrevivo.es\"><\/a><\/p>\n<\/div>\n<h3>S\u00edgueme en Redes Sociales<\/h3><br>\n<p class=\"social-media-links\"><a href=\"https:\/\/www.instagram.com\/oscarhombrevivo\" target=\"_blank\" rel=\"noopener\"><img decoding=\"async\" src=\"http:\/\/osghombrevivo.es\/wp-content\/uploads\/2024\/01\/1298747_instagram_brand_logo_social-media_icon.png\" alt=\"oscarhombrevivo\"><\/a><\/p>\n<p class=\"social-media-links\"><a href=\"https:\/\/twitter.com\/osghombrevivo\" target=\"_blank\" rel=\"noopener\"><img decoding=\"async\" src=\"http:\/\/osghombrevivo.es\/wp-content\/uploads\/2024\/01\/11185801_x_x-logo_branding_twitter-x_social-media_icon.png\" alt=\"tuiter\/X@osghombrevivo\"><\/a><\/p>\n<\/div>\n<\/div><hr>\n<div style=\"margin: 0 auto; max-width: 600px; padding: 20px; text-align: center;\">\n<div style=\"margin-bottom: 20px;\">\n<p>no dej\u00e9is de visitar tambi\u00e9n la p\u00e1gina web de Richar, mi hermano de sangre en Clan y maestro \/ acompa\u00f1ante en crecimiento; O contactarle por correo\u2026<\/p><br>\n<h3>Richar Hombre Vivo<\/h3><br>\n<p class=\"social-media-links\"><a href=\"https:\/\/risegonhombrevivo.weebly.com\"><img decoding=\"async\" src=\"http:\/\/osghombrevivo.es\/wp-content\/uploads\/2024\/01\/5402394_internet_link_hyperlink_url_web_icon.png\" alt=\"Web de Richar\"><\/a><\/p>\n<p class=\"social-media-links\"><a href=\"mailto:rilisegonhombrevivo1@gmail.com\"> <img decoding=\"async\" src=\"http:\/\/osghombrevivo.es\/wp-content\/uploads\/2024\/01\/134146_mail_email_icon.png\" alt=\"rilisegonhombrevivo1@gmail.com\"><\/a><\/p>\n<\/div>\n<\/div>\n\n\n<ul class=\"wp-block-social-links is-layout-flex wp-block-social-links-is-layout-flex\"><\/ul>\n","protected":false},"excerpt":{"rendered":"<p>para cualquier duda, aclaraci\u00f3n, o si deseas compartir informaci\u00f3n y procedimientos sobre la toma de conciencia para erigirte como \u201chombre vivo\u201d \/ \u201cmujer viva\u201d, puedes contactarme a trav\u00e9s de los siguientes canales\u2026 Oscar Hombre Vivo S\u00edgueme en Redes Sociales no dej\u00e9is de visitar tambi\u00e9n la p\u00e1gina web de Richar, mi hermano de sangre en Clan&hellip;&nbsp;<a href=\"https:\/\/osghombrevivo.es\/?page_id=85\" class=\"\" rel=\"bookmark\">Leer m\u00e1s &raquo;<span class=\"screen-reader-text\">Contacto<\/span><\/a><\/p>\n","protected":false},"author":1,"featured_media":0,"parent":0,"menu_order":0,"comment_status":"closed","ping_status":"closed","template":"","meta":{"om_disable_all_campaigns":false,"_monsterinsights_skip_tracking":false,"_monsterinsights_sitenote_active":false,"_monsterinsights_sitenote_note":"","_monsterinsights_sitenote_category":0,"neve_meta_sidebar":"","neve_meta_container":"","neve_meta_enable_content_width":"","neve_meta_content_width":0,"neve_meta_title_alignment":"","neve_meta_author_avatar":"","neve_post_elements_order":"","neve_meta_disable_header":"","neve_meta_disable_footer":"","neve_meta_disable_title":"","footnotes":""},"class_list":["post-85","page","type-page","status-publish","hentry"],"aioseo_notices":[],"_links":{"self":[{"href":"https:\/\/osghombrevivo.es\/index.php?rest_route=\/wp\/v2\/pages\/85","targetHints":{"allow":["GET"]}}],"collection":[{"href":"https:\/\/osghombrevivo.es\/index.php?rest_route=\/wp\/v2\/pages"}],"about":[{"href":"https:\/\/osghombrevivo.es\/index.php?rest_route=\/wp\/v2\/types\/page"}],"author":[{"embeddable":true,"href":"https:\/\/osghombrevivo.es\/index.php?rest_route=\/wp\/v2\/users\/1"}],"replies":[{"embeddable":true,"href":"https:\/\/osghombrevivo.es\/index.php?rest_route=%2Fwp%2Fv2%2Fcomments&post=85"}],"version-history":[{"count":17,"href":"https:\/\/osghombrevivo.es\/index.php?rest_route=\/wp\/v2\/pages\/85\/revisions"}],"predecessor-version":[{"id":161,"href":"https:\/\/osghombrevivo.es\/index.php?rest_route=\/wp\/v2\/pages\/85\/revisions\/161"}],"wp:attachment":[{"href":"https:\/\/osghombrevivo.es\/index.php?rest_route=%2Fwp%2Fv2%2Fmedia&parent=85"}],"curies":[{"name":"wp","href":"https:\/\/api.w.org\/{rel}","templated":true}]}}